{"id":649,"date":"2024-05-01T23:41:14","date_gmt":"2024-05-01T23:41:14","guid":{"rendered":"https:\/\/lagodita.cl\/?post_type=product&#038;p=649"},"modified":"2026-03-02T18:42:23","modified_gmt":"2026-03-02T18:42:23","slug":"porta-sandwich-tamano-s","status":"publish","type":"product","link":"https:\/\/lagodita.cl\/?product=porta-sandwich-tamano-s","title":{"rendered":"PORTA SANDWICH TAMA\u00d1O S  PACK DE 50"},"content":{"rendered":"<p>&nbsp;<\/p>\n<p data-start=\"683\" data-end=\"930\">El porta s\u00e1ndwich tama\u00f1o S es ideal para negocios de comida que trabajan con servicio de <strong data-start=\"772\" data-end=\"785\">take away<\/strong> y delivery.<br data-start=\"797\" data-end=\"800\" \/>Su dise\u00f1o pr\u00e1ctico y resistente permite transportar alimentos de forma segura, manteniendo la presentaci\u00f3n y calidad del producto.<\/p>\n<p data-start=\"932\" data-end=\"1058\">Este envase es perfecto para cafeter\u00edas, food trucks y locales de comida r\u00e1pida que buscan mejorar su packaging para takeaway.<\/p>\n<div class=\"wpforms-container wpforms-container-full\" id=\"wpforms-362\"><form id=\"wpforms-form-362\" class=\"wpforms-validate wpforms-form\" data-formid=\"362\" method=\"post\" enctype=\"multipart\/form-data\" action=\"\/index.php?rest_route=%2Fwp%2Fv2%2Fproduct%2F649\" data-token=\"e6d080d662e8408119c530e9ad4eda3f\" data-token-time=\"1776623812\"><div class=\"wpforms-head-container\"><div class=\"wpforms-title\">Formulario de contacto simple<\/div><\/div><noscript class=\"wpforms-error-noscript\">Por favor, activa JavaScript en tu navegador para completar este formulario.<\/noscript><div class=\"wpforms-field-container\"><div id=\"wpforms-362-field_0-container\" class=\"wpforms-field wpforms-field-name\" data-field-id=\"0\"><label class=\"wpforms-field-label\">Nombre <span class=\"wpforms-required-label\">*<\/span><\/label><div class=\"wpforms-field-row wpforms-field-medium\"><div class=\"wpforms-field-row-block wpforms-first wpforms-one-half\"><input type=\"text\" id=\"wpforms-362-field_0\" class=\"wpforms-field-name-first wpforms-field-required\" name=\"wpforms[fields][0][first]\" required><label for=\"wpforms-362-field_0\" class=\"wpforms-field-sublabel after\">Nombre<\/label><\/div><div class=\"wpforms-field-row-block wpforms-one-half\"><input type=\"text\" id=\"wpforms-362-field_0-last\" class=\"wpforms-field-name-last wpforms-field-required\" name=\"wpforms[fields][0][last]\" required><label for=\"wpforms-362-field_0-last\" class=\"wpforms-field-sublabel after\">Apellidos<\/label><\/div><\/div><\/div><div id=\"wpforms-362-field_1-container\" class=\"wpforms-field wpforms-field-email\" data-field-id=\"1\"><label class=\"wpforms-field-label\" for=\"wpforms-362-field_1\">Correo electr\u00f3nico <span class=\"wpforms-required-label\">*<\/span><\/label><input type=\"email\" id=\"wpforms-362-field_1\" class=\"wpforms-field-medium wpforms-field-required\" name=\"wpforms[fields][1]\" spellcheck=\"false\" required><\/div><div id=\"wpforms-362-field_2-container\" class=\"wpforms-field wpforms-field-textarea\" data-field-id=\"2\"><label class=\"wpforms-field-label\" for=\"wpforms-362-field_2\">Comentario o mensaje <span class=\"wpforms-required-label\">*<\/span><\/label><textarea id=\"wpforms-362-field_2\" class=\"wpforms-field-medium wpforms-field-required\" name=\"wpforms[fields][2]\" required><\/textarea><\/div><\/div><!-- .wpforms-field-container --><div class=\"wpforms-submit-container\" ><input type=\"hidden\" name=\"wpforms[id]\" value=\"362\"><input type=\"hidden\" name=\"page_title\" value=\"\"><input type=\"hidden\" name=\"page_url\" value=\"https:\/\/lagodita.cl\/index.php?rest_route=\/wp\/v2\/product\/649\"><input type=\"hidden\" name=\"url_referer\" value=\"\"><button type=\"submit\" name=\"wpforms[submit]\" id=\"wpforms-submit-362\" class=\"wpforms-submit\" data-alt-text=\"Enviando...\" data-submit-text=\"Enviar\" aria-live=\"assertive\" value=\"wpforms-submit\">Enviar<\/button><\/div><\/form><\/div>  <!-- .wpforms-container -->\n","protected":false},"excerpt":{"rendered":"<h2 data-start=\"121\" data-end=\"150\">\ud83e\udd6a Porta S\u00e1ndwich Tama\u00f1o S<\/h2>\n<p data-start=\"152\" data-end=\"251\">Porta s\u00e1ndwich tama\u00f1o S, ideal para paninis, s\u00e1ndwiches tradicionales y preparaciones individuales.<\/p>\n<p data-start=\"253\" data-end=\"339\">Pr\u00e1ctico, resistente y funcional para delivery, take away y negocios de comida r\u00e1pida.<\/p>\n<h3 data-start=\"341\" data-end=\"363\">\u2705 Caracter\u00edsticas:<\/h3>\n<ul data-start=\"364\" data-end=\"532\">\n<li data-start=\"364\" data-end=\"410\">\n<p data-start=\"366\" data-end=\"410\">Tama\u00f1o S (ideal para porciones individuales)<\/p>\n<\/li>\n<li data-start=\"411\" data-end=\"441\">\n<p data-start=\"413\" data-end=\"441\">F\u00e1cil armado y cierre seguro<\/p>\n<\/li>\n<li data-start=\"442\" data-end=\"477\">\n<p data-start=\"444\" data-end=\"477\">Presentaci\u00f3n limpia y profesional<\/p>\n<\/li>\n<li data-start=\"478\" data-end=\"532\">\n<p data-start=\"480\" data-end=\"532\">Ideal para cafeter\u00edas, food trucks y emprendimientos<\/p>\n<\/li>\n<\/ul>\n<p data-start=\"534\" data-end=\"677\">\ud83d\udce6 <strong data-start=\"537\" data-end=\"573\">Cotice la cantidad que necesite.<\/strong><br data-start=\"573\" data-end=\"576\" \/>Para valores por volumen y disponibilidad, cont\u00e1ctenos al siguiente correo:<\/p>\n<p data-start=\"534\" data-end=\"677\"><br data-start=\"651\" data-end=\"654\" \/>\ud83d\udce9 <strong data-start=\"657\" data-end=\"677\">[wpforms id=\"362\" title=\"true\"]<\/strong><\/p>\n<p>&nbsp;<\/p>\n","protected":false},"featured_media":627,"comment_status":"open","ping_status":"closed","template":"","meta":{"content-type":"","om_disable_all_campaigns":false,"site-sidebar-layout":"default","site-content-layout":"","ast-site-content-layout":"default","site-content-style":"default","site-sidebar-style":"default","ast-global-header-display":"","ast-banner-title-visibility":"","ast-main-header-display":"","ast-hfb-above-header-display":"","ast-hfb-below-header-display":"","ast-hfb-mobile-header-display":"","site-post-title":"","ast-breadcrumbs-content":"","ast-featured-img":"","footer-sml-layout":"","theme-transparent-header-meta":"default","adv-header-id-meta":"","stick-header-meta":"","header-above-stick-meta":"","header-main-stick-meta":"","header-below-stick-meta":"","astra-migrate-meta-layouts":"set","ast-page-background-enabled":"default","ast-page-background-meta":{"desktop":{"background-color":"var(--ast-global-color-4)","background-image":"","background-repeat":"repeat","background-position":"center center","background-size":"auto","background-attachment":"scroll","background-type":"","background-media":"","overlay-type":"","overlay-color":"","overlay-gradient":""},"tablet":{"background-color":"","background-image":"","background-repeat":"repeat","background-position":"center center","background-size":"auto","background-attachment":"scroll","background-type":"","background-media":"","overlay-type":"","overlay-color":"","overlay-gradient":""},"mobile":{"background-color":"","background-image":"","background-repeat":"repeat","background-position":"center center","background-size":"auto","background-attachment":"scroll","background-type":"","background-media":"","overlay-type":"","overlay-color":"","overlay-gradient":""}},"ast-content-background-meta":{"desktop":{"background-color":"var(--ast-global-color-5)","background-image":"","background-repeat":"repeat","background-position":"center center","background-size":"auto","background-attachment":"scroll","background-type":"","background-media":"","overlay-type":"","overlay-color":"","overlay-gradient":""},"tablet":{"background-color":"var(--ast-global-color-5)","background-image":"","background-repeat":"repeat","background-position":"center center","background-size":"auto","background-attachment":"scroll","background-type":"","background-media":"","overlay-type":"","overlay-color":"","overlay-gradient":""},"mobile":{"background-color":"var(--ast-global-color-5)","background-image":"","background-repeat":"repeat","background-position":"center center","background-size":"auto","background-attachment":"scroll","background-type":"","background-media":"","overlay-type":"","overlay-color":"","overlay-gradient":""}}},"product_brand":[],"product_cat":[67],"product_tag":[68],"class_list":{"0":"post-649","1":"product","2":"type-product","3":"status-publish","4":"has-post-thumbnail","6":"product_cat-envases","7":"product_tag-envases","8":"desktop-align-left","9":"tablet-align-left","10":"mobile-align-left","12":"first","13":"instock","14":"taxable","15":"shipping-taxable","16":"purchasable","17":"product-type-simple"},"aioseo_notices":[],"jetpack_publicize_connections":[],"_links":{"self":[{"href":"https:\/\/lagodita.cl\/index.php?rest_route=\/wp\/v2\/product\/649","targetHints":{"allow":["GET"]}}],"collection":[{"href":"https:\/\/lagodita.cl\/index.php?rest_route=\/wp\/v2\/product"}],"about":[{"href":"https:\/\/lagodita.cl\/index.php?rest_route=\/wp\/v2\/types\/product"}],"replies":[{"embeddable":true,"href":"https:\/\/lagodita.cl\/index.php?rest_route=%2Fwp%2Fv2%2Fcomments&post=649"}],"wp:featuredmedia":[{"embeddable":true,"href":"https:\/\/lagodita.cl\/index.php?rest_route=\/wp\/v2\/media\/627"}],"wp:attachment":[{"href":"https:\/\/lagodita.cl\/index.php?rest_route=%2Fwp%2Fv2%2Fmedia&parent=649"}],"wp:term":[{"taxonomy":"product_brand","embeddable":true,"href":"https:\/\/lagodita.cl\/index.php?rest_route=%2Fwp%2Fv2%2Fproduct_brand&post=649"},{"taxonomy":"product_cat","embeddable":true,"href":"https:\/\/lagodita.cl\/index.php?rest_route=%2Fwp%2Fv2%2Fproduct_cat&post=649"},{"taxonomy":"product_tag","embeddable":true,"href":"https:\/\/lagodita.cl\/index.php?rest_route=%2Fwp%2Fv2%2Fproduct_tag&post=649"}],"curies":[{"name":"wp","href":"https:\/\/api.w.org\/{rel}","templated":true}]}}